{"id":8,"date":"2015-11-08T06:43:46","date_gmt":"2015-11-08T06:43:46","guid":{"rendered":"http:\/\/imaster.pl\/wx\/?page_id=8"},"modified":"2021-07-10T20:34:27","modified_gmt":"2021-07-10T18:34:27","slug":"8-2","status":"publish","type":"page","link":"https:\/\/imaster.pl\/wx\/","title":{"rendered":"."},"content":{"rendered":"<p><img loading=\"lazy\" decoding=\"async\" class=\"aligncenter wp-image-19\" src=\"http:\/\/imaster.pl\/wx\/wp-content\/uploads\/2015\/11\/logoimaster_kolor-300x219.png\" alt=\"IMASTER Logo\" width=\"200\" height=\"146\" srcset=\"https:\/\/imaster.pl\/wx\/wp-content\/uploads\/2015\/11\/logoimaster_kolor-300x219.png 300w, https:\/\/imaster.pl\/wx\/wp-content\/uploads\/2015\/11\/logoimaster_kolor-768x560.png 768w, https:\/\/imaster.pl\/wx\/wp-content\/uploads\/2015\/11\/logoimaster_kolor-1024x746.png 1024w\" sizes=\"auto, (max-width: 200px) 100vw, 200px\" \/><\/p>\n<h3 style=\"text-align: center;\"><a href=\"https:\/\/imaster.pl\/webmail\/\">Nowa poczta<\/a><\/h3>\n<p style=\"text-align: center;\">POP3\/IMAP: mail.imaster.pl<\/p>\n<p style=\"text-align: center;\">SMTP: mail.imaster.pl<\/p>\n<p style=\"text-align: center;\">W przypadku problem\u00f3w z zalogowaniem si\u0119 do nowej poczty prosz\u0119 o kontakt. MB<\/p>\n<h1 class=\"entry-title\" style=\"text-align: right;\">.<\/h1>\n","protected":false},"excerpt":{"rendered":"<p>Nowa poczta POP3\/IMAP: mail.imaster.pl SMTP: mail.imaster.pl W przypadku problem\u00f3w z zalogowaniem si\u0119 do nowej poczty prosz\u0119 o kontakt. MB .<\/p>\n","protected":false},"author":2,"featured_media":0,"parent":0,"menu_order":0,"comment_status":"closed","ping_status":"closed","template":"","meta":{"footnotes":""},"class_list":["post-8","page","type-page","status-publish","hentry"],"_links":{"self":[{"href":"https:\/\/imaster.pl\/wx\/wp-json\/wp\/v2\/pages\/8","targetHints":{"allow":["GET"]}}],"collection":[{"href":"https:\/\/imaster.pl\/wx\/wp-json\/wp\/v2\/pages"}],"about":[{"href":"https:\/\/imaster.pl\/wx\/wp-json\/wp\/v2\/types\/page"}],"author":[{"embeddable":true,"href":"https:\/\/imaster.pl\/wx\/wp-json\/wp\/v2\/users\/2"}],"replies":[{"embeddable":true,"href":"https:\/\/imaster.pl\/wx\/wp-json\/wp\/v2\/comments?post=8"}],"version-history":[{"count":14,"href":"https:\/\/imaster.pl\/wx\/wp-json\/wp\/v2\/pages\/8\/revisions"}],"predecessor-version":[{"id":43,"href":"https:\/\/imaster.pl\/wx\/wp-json\/wp\/v2\/pages\/8\/revisions\/43"}],"wp:attachment":[{"href":"https:\/\/imaster.pl\/wx\/wp-json\/wp\/v2\/media?parent=8"}],"curies":[{"name":"wp","href":"https:\/\/api.w.org\/{rel}","templated":true}]}}